{"id":1074,"date":"2021-04-29T00:25:27","date_gmt":"2021-04-29T00:25:27","guid":{"rendered":"https:\/\/scooter-home.com\/?post_type=product&#038;p=1074"},"modified":"2025-12-06T16:34:44","modified_gmt":"2025-12-06T16:34:44","slug":"reifen-heidenau-k80sr-130-60-13-60p-reinforced","status":"publish","type":"product","link":"https:\/\/scooter-home.com\/en\/product\/reifen-heidenau-k80sr-130-60-13-60p-reinforced","title":{"rendered":"Reifen HEIDENAU K80SR 130\/60 -13 60P (reinforced) TL"},"content":{"rendered":"<p>K80SR Reifen Der sportliche Allrounder f\u00fcr Scooter Nachfolger vom Bekannten K61<\/p>\n<p>Die spezielle Anordnung der Profilrillen sowie eine neu entwickelte Karkasse erm\u00f6glichen den perfekten Geradeauslauf und eine\u00a0 hervorragende Linientreue bei z\u00fcgigen Kurvenfahrten. Im Zusammenspiel mit einer speziell abgestimmten Materialmischung f\u00fcr ausgezeichneten Grip ist der K80SR des Reifenwerkes Heidenau die lang erwartete\u00a0 Neuerung auf dem Scooter reifen markt.<\/p>\n<p>Der Heidenau bietet Scooter Fahrern auch bei hohen Geschwindigkeiten au\u00dfergew\u00f6hnlichen Grip, hohe Lenkpr\u00e4zision und Kontrolle. Auf der Stra\u00dfe ebenso wie bei gelegentlichen Fahrten auf der Rennstrecke.<\/p>","protected":false},"excerpt":{"rendered":"<p>K80SR Reifen Der sportliche Allrounder f\u00fcr Scooter Nachfolger vom Bekannten K61 Die spezielle Anordnung der Profilrillen sowie eine neu entwickelte Karkasse erm\u00f6glichen den perfekten Geradeauslauf und eine\u00a0 hervorragende Linientreue bei z\u00fcgigen Kurvenfahrten. Im Zusammenspiel mit einer speziell abgestimmten Materialmischung f\u00fcr ausgezeichneten Grip ist der K80SR des Reifenwerkes Heidenau die lang erwartete\u00a0 Neuerung auf dem Scooter [&hellip;]<\/p>\n","protected":false},"featured_media":1075,"comment_status":"open","ping_status":"closed","template":"","meta":{"nf_dc_page":""},"product_brand":[],"product_cat":[71,15],"product_tag":[97],"class_list":{"0":"post-1074","1":"product","2":"type-product","3":"status-publish","4":"has-post-thumbnail","6":"product_cat-reifen","7":"product_cat-uncategorized","8":"product_tag-reifen-heidenau-130-60-13-130-60-13-rollerreifen","10":"first","11":"instock","12":"featured","13":"shipping-taxable","14":"purchasable","15":"product-type-simple"},"_links":{"self":[{"href":"https:\/\/scooter-home.com\/en\/wp-json\/wp\/v2\/product\/1074","targetHints":{"allow":["GET"]}}],"collection":[{"href":"https:\/\/scooter-home.com\/en\/wp-json\/wp\/v2\/product"}],"about":[{"href":"https:\/\/scooter-home.com\/en\/wp-json\/wp\/v2\/types\/product"}],"replies":[{"embeddable":true,"href":"https:\/\/scooter-home.com\/en\/wp-json\/wp\/v2\/comments?post=1074"}],"wp:featuredmedia":[{"embeddable":true,"href":"https:\/\/scooter-home.com\/en\/wp-json\/wp\/v2\/media\/1075"}],"wp:attachment":[{"href":"https:\/\/scooter-home.com\/en\/wp-json\/wp\/v2\/media?parent=1074"}],"wp:term":[{"taxonomy":"product_brand","embeddable":true,"href":"https:\/\/scooter-home.com\/en\/wp-json\/wp\/v2\/product_brand?post=1074"},{"taxonomy":"product_cat","embeddable":true,"href":"https:\/\/scooter-home.com\/en\/wp-json\/wp\/v2\/product_cat?post=1074"},{"taxonomy":"product_tag","embeddable":true,"href":"https:\/\/scooter-home.com\/en\/wp-json\/wp\/v2\/product_tag?post=1074"}],"curies":[{"name":"wp","href":"https:\/\/api.w.org\/{rel}","templated":true}]}}