{"id":1078,"date":"2021-04-29T01:20:56","date_gmt":"2021-04-29T01:20:56","guid":{"rendered":"https:\/\/scooter-home.com\/?post_type=product&#038;p=1078"},"modified":"2025-12-06T16:36:42","modified_gmt":"2025-12-06T16:36:42","slug":"reifen-michelin-s83-3-50-10-tl-tt-59j-reinforced","status":"publish","type":"product","link":"https:\/\/scooter-home.com\/en\/product\/reifen-michelin-s83-3-50-10-tl-tt-59j-reinforced","title":{"rendered":"Reifen MICHELIN S83 3.50 &#8211; 10 TL &#8211; TT 59J Reinforced"},"content":{"rendered":"<p>Klassische Optik \u2013 zeitgem\u00e4\u00dfe Performance. F\u00fcr klassische Roller entwickelt<\/p>\n<p>Der MICHELIN S83 ist ideal f\u00fcr 8- bis 10-Zoll-R\u00e4der und wird f\u00fcr seinen Grip sowohl auf trockener als auch auf nasser Fahrbahn gesch\u00e4tzt. Die Mittelrille sorgt daf\u00fcr, dass der Reifen die Spur h\u00e4lt und sehr smooth geradeaus l\u00e4uft. Und auf trockenen Strecken erm\u00f6glicht der MICHELIN S83 m\u00f6rderische Schr\u00e4glagen. Ein gutes Preis-Leistungsverh\u00e4ltnis und seine Langlebigkeit machen den MICHELIN S83 buchst\u00e4blich zu einer runden Angelegenheit.<\/p>\n<p>&nbsp;<\/p>\n<p>Fazit : Ein Hingucker auf Classic Scootern<\/p>","protected":false},"excerpt":{"rendered":"<p>Klassische Optik \u2013 zeitgem\u00e4\u00dfe Performance. F\u00fcr klassische Roller entwickelt Der MICHELIN S83 ist ideal f\u00fcr 8- bis 10-Zoll-R\u00e4der und wird f\u00fcr seinen Grip sowohl auf trockener als auch auf nasser Fahrbahn gesch\u00e4tzt. Die Mittelrille sorgt daf\u00fcr, dass der Reifen die Spur h\u00e4lt und sehr smooth geradeaus l\u00e4uft. Und auf trockenen Strecken erm\u00f6glicht der MICHELIN S83 [&hellip;]<\/p>\n","protected":false},"featured_media":1079,"comment_status":"open","ping_status":"closed","template":"","meta":{"nf_dc_page":""},"product_brand":[],"product_cat":[71,15],"product_tag":[100],"class_list":{"0":"post-1078","1":"product","2":"type-product","3":"status-publish","4":"has-post-thumbnail","6":"product_cat-reifen","7":"product_cat-uncategorized","8":"product_tag-reifen-michelin-3-50-10-tl-tt-reinforced-tyre","10":"first","11":"instock","12":"featured","13":"shipping-taxable","14":"purchasable","15":"product-type-simple"},"_links":{"self":[{"href":"https:\/\/scooter-home.com\/en\/wp-json\/wp\/v2\/product\/1078","targetHints":{"allow":["GET"]}}],"collection":[{"href":"https:\/\/scooter-home.com\/en\/wp-json\/wp\/v2\/product"}],"about":[{"href":"https:\/\/scooter-home.com\/en\/wp-json\/wp\/v2\/types\/product"}],"replies":[{"embeddable":true,"href":"https:\/\/scooter-home.com\/en\/wp-json\/wp\/v2\/comments?post=1078"}],"wp:featuredmedia":[{"embeddable":true,"href":"https:\/\/scooter-home.com\/en\/wp-json\/wp\/v2\/media\/1079"}],"wp:attachment":[{"href":"https:\/\/scooter-home.com\/en\/wp-json\/wp\/v2\/media?parent=1078"}],"wp:term":[{"taxonomy":"product_brand","embeddable":true,"href":"https:\/\/scooter-home.com\/en\/wp-json\/wp\/v2\/product_brand?post=1078"},{"taxonomy":"product_cat","embeddable":true,"href":"https:\/\/scooter-home.com\/en\/wp-json\/wp\/v2\/product_cat?post=1078"},{"taxonomy":"product_tag","embeddable":true,"href":"https:\/\/scooter-home.com\/en\/wp-json\/wp\/v2\/product_tag?post=1078"}],"curies":[{"name":"wp","href":"https:\/\/api.w.org\/{rel}","templated":true}]}}