{"id":883,"date":"2020-06-13T15:08:46","date_gmt":"2020-06-13T15:08:46","guid":{"rendered":"http:\/\/www.tjm.doo.mybluehost.me\/?post_type=product&#038;p=883"},"modified":"2025-11-16T00:25:06","modified_gmt":"2025-11-16T00:25:06","slug":"tankversiegelungs-set-fertan-tapox-tx-10-285ml160ml","status":"publish","type":"product","link":"https:\/\/scooter-home.com\/en\/product\/tankversiegelungs-set-fertan-tapox-tx-10-285ml160ml","title":{"rendered":"Tankversiegelungs-Set -FERTAN TAPOX \/ TX-10 &#8211; 285ml+160ml"},"content":{"rendered":"<p>Das Produkt ist, nach Aush\u00e4rtung ( 72 Stunden bei ca. 20\u00b0 C + rel. Luftfeuchte unter 70%) resistent gegen alle Kraftstoffe, Laugen und viele S\u00e4uren. Es bildet eine extrem widerstandsf\u00e4hige Schicht, welche u.a. auch gegen mechanische Einwirkungen best\u00e4ndig ist. TAPOX findet Anwendung zur Innen \u2013 Beschichtung von Tanks wie: Kraftstofftanks aus Stahl und Aluminium, Erd\u00f6l- bzw. Heiz\u00f6l \u2013 Tanks, Ballast \u2013 Tanks von Schiffen, Wasser \u2013 Tanks usw. TAPOX kann auch verwendet werden zur Beschichtung stark belasteter Metalle usw. Die Lieferung erfolgt immer mit entsprechend ben\u00f6tigter Menge an H\u00e4rter TX 10 als Set (285ml Harz + 160ml H\u00e4rter)<\/p>","protected":false},"excerpt":{"rendered":"<table class=\"product--properties-table\" style=\"height: 137px;\" width=\"1334\">\n<tbody>\n<tr class=\"product--properties-row\">\n<td class=\"product--properties-label\">Produktidentifikatoren:<\/td>\n<td class=\"product--properties-value\">EC 201-245-8: Bisphenol A, EC 202-859-9: Benzylalcohol, EC 203-905-0: 2-Butoxyethanol, EC 215-535-7: XYLENE, EC 216-032-5: m-Phenylenebis(methylamine), EC 217-168-8: 4,4&#8242;-Methylenebis(cyclohexylamine), EC 500-033-5: reaction product: bisphenol-A-(epichlorhydrin) epoxy resin (number average molecular w<\/td>\n<\/tr>\n<\/tbody>\n<\/table>","protected":false},"featured_media":884,"comment_status":"open","ping_status":"closed","template":"","meta":{"nf_dc_page":""},"product_brand":[],"product_cat":[77],"product_tag":[],"class_list":{"0":"post-883","1":"product","2":"type-product","3":"status-publish","4":"has-post-thumbnail","6":"product_cat-konservierung","8":"first","9":"instock","10":"shipping-taxable","11":"purchasable","12":"product-type-simple"},"_links":{"self":[{"href":"https:\/\/scooter-home.com\/en\/wp-json\/wp\/v2\/product\/883","targetHints":{"allow":["GET"]}}],"collection":[{"href":"https:\/\/scooter-home.com\/en\/wp-json\/wp\/v2\/product"}],"about":[{"href":"https:\/\/scooter-home.com\/en\/wp-json\/wp\/v2\/types\/product"}],"replies":[{"embeddable":true,"href":"https:\/\/scooter-home.com\/en\/wp-json\/wp\/v2\/comments?post=883"}],"wp:featuredmedia":[{"embeddable":true,"href":"https:\/\/scooter-home.com\/en\/wp-json\/wp\/v2\/media\/884"}],"wp:attachment":[{"href":"https:\/\/scooter-home.com\/en\/wp-json\/wp\/v2\/media?parent=883"}],"wp:term":[{"taxonomy":"product_brand","embeddable":true,"href":"https:\/\/scooter-home.com\/en\/wp-json\/wp\/v2\/product_brand?post=883"},{"taxonomy":"product_cat","embeddable":true,"href":"https:\/\/scooter-home.com\/en\/wp-json\/wp\/v2\/product_cat?post=883"},{"taxonomy":"product_tag","embeddable":true,"href":"https:\/\/scooter-home.com\/en\/wp-json\/wp\/v2\/product_tag?post=883"}],"curies":[{"name":"wp","href":"https:\/\/api.w.org\/{rel}","templated":true}]}}