{"id":961,"date":"2020-06-22T13:56:34","date_gmt":"2020-06-22T13:56:34","guid":{"rendered":"http:\/\/www.tjm.doo.mybluehost.me\/?post_type=product&#038;p=961"},"modified":"2022-05-12T23:57:49","modified_gmt":"2022-05-12T23:57:49","slug":"lack-motip-schwarz-matt-400ml","status":"publish","type":"product","link":"https:\/\/scooter-home.com\/en\/product\/lack-motip-schwarz-matt-400ml","title":{"rendered":"Lack -MOTIP- Schwarz matt &#8211; 400ml"},"content":{"rendered":"<p>Unser Spr\u00fchlack eignet sich hervorragend um Felgen oder Karosserieteilen einen neuen Look zu verpassen. Lackiergeeignet sind alle Metalle, Holz sowie Hartplastik. Um eine vern\u00fcnftige Ausgangsbasis zu schaffen, sollte die zu lackierende Fl\u00e4che entfettet (z.B. mit unserem Bremsenreiniger), mit Grundierung vorgearbeitet und die Oberfl\u00e4che mit Schleifpapier (320er K\u00f6rnung) aufgerauht werden.<\/p>","protected":false},"excerpt":{"rendered":"[wpecpp name=\"Lack -MOTIP- Schwarz matt - 400ml\" price=\"6.60\" align=\"center\"]\n","protected":false},"featured_media":962,"comment_status":"open","ping_status":"closed","template":"","meta":{"nf_dc_page":""},"product_brand":[],"product_cat":[90],"product_tag":[],"class_list":{"0":"post-961","1":"product","2":"type-product","3":"status-publish","4":"has-post-thumbnail","6":"product_cat-lacke","8":"first","9":"instock","10":"shipping-taxable","11":"purchasable","12":"product-type-simple"},"_links":{"self":[{"href":"https:\/\/scooter-home.com\/en\/wp-json\/wp\/v2\/product\/961","targetHints":{"allow":["GET"]}}],"collection":[{"href":"https:\/\/scooter-home.com\/en\/wp-json\/wp\/v2\/product"}],"about":[{"href":"https:\/\/scooter-home.com\/en\/wp-json\/wp\/v2\/types\/product"}],"replies":[{"embeddable":true,"href":"https:\/\/scooter-home.com\/en\/wp-json\/wp\/v2\/comments?post=961"}],"wp:featuredmedia":[{"embeddable":true,"href":"https:\/\/scooter-home.com\/en\/wp-json\/wp\/v2\/media\/962"}],"wp:attachment":[{"href":"https:\/\/scooter-home.com\/en\/wp-json\/wp\/v2\/media?parent=961"}],"wp:term":[{"taxonomy":"product_brand","embeddable":true,"href":"https:\/\/scooter-home.com\/en\/wp-json\/wp\/v2\/product_brand?post=961"},{"taxonomy":"product_cat","embeddable":true,"href":"https:\/\/scooter-home.com\/en\/wp-json\/wp\/v2\/product_cat?post=961"},{"taxonomy":"product_tag","embeddable":true,"href":"https:\/\/scooter-home.com\/en\/wp-json\/wp\/v2\/product_tag?post=961"}],"curies":[{"name":"wp","href":"https:\/\/api.w.org\/{rel}","templated":true}]}}