{"id":971,"date":"2020-06-22T14:30:28","date_gmt":"2020-06-22T14:30:28","guid":{"rendered":"http:\/\/www.tjm.doo.mybluehost.me\/?post_type=product&#038;p=971"},"modified":"2022-05-12T23:57:25","modified_gmt":"2022-05-12T23:57:25","slug":"dichtmasse-corteco-evo300-250c-70ml","status":"publish","type":"product","link":"https:\/\/scooter-home.com\/en\/product\/dichtmasse-corteco-evo300-250c-70ml","title":{"rendered":"Dichtmasse -CORTECO Evo300- +250\u00b0C &#8211; 70ml"},"content":{"rendered":"<div class='wpecpp-container wpecpp-align-center'><form class='wpecpp-form' target='_blank' id=\"rcff216bd32c798f8fe2430336a8c39ff\" action='https:\/\/www.paypal.com\/cgi-bin\/webscr' method='post'><input type='hidden' name='cmd' value='_xclick' \/><input type='hidden' name='business' value='m.tahaui@outlook.com' \/><input type='hidden' name='currency_code' value='EUR' \/><input type='hidden' name='lc' value='de_DE'><input type='hidden' name='no_note' value=''><input type='hidden' name='paymentaction' value='sale'><input type='hidden' name='return' value='' \/><input type='hidden' name='bn' value='WPPlugin_SP'><input type='hidden' name='cancel_return' value='' \/><input style='border: none;' class='paypalbuttonimage' type='image' src='https:\/\/www.paypalobjects.com\/webstatic\/en_US\/i\/buttons\/buy-logo-medium.png' border='0' name='submit' alt='Make your payments with PayPal. It is free, secure, effective.' \/><img alt='' border='0' style='border:none;display:none;' src='https:\/\/www.paypal.com\/de_DE\/i\/scr\/pixel.gif' width='1' height='1' \/><input type='hidden' name='item_name' value='Dichtmasse -CORTECO Evo300- +250\u00b0C - 70ml' \/><input type='hidden' name='amount' value='14.02' \/><\/form><\/div>\n<p>&nbsp;<\/p>\n<p>EVO300 besteht zu hundert Prozent aus Silikon der neuesten Generation, verst\u00e4rkt mit einem F\u00fcllmittel weist es somit Stabilit\u00e4ts- und Haltbarkeitseigenschaften auf, die klassischem Silikon weit \u00fcberlegen sind.<\/p>\n<p>Die Dichtpaste kann bei Temperaturen zwischen -70 \u00b0C und +250 \u00b0C bei Dauerbetrieb eingesetzt werden.<\/p>\n<p>F\u00fcr kurze Zeitintervalle sogar bei Spitzentemperaturen von bis zu 300 \u00b0C.<\/p>\n<p>EVO300 ist nicht korrosiv und hat ausgezeichnete Hafteigenschaften ohne Primer sowohl auf metallischen als auch auf nichtmetallischen Werkstoffen.<\/p>","protected":false},"excerpt":{"rendered":"<p>Universal<\/p>","protected":false},"featured_media":972,"comment_status":"open","ping_status":"closed","template":"","meta":{"nf_dc_page":""},"product_brand":[],"product_cat":[91],"product_tag":[],"class_list":{"0":"post-971","1":"product","2":"type-product","3":"status-publish","4":"has-post-thumbnail","6":"product_cat-dichtmittel","8":"first","9":"instock","10":"shipping-taxable","11":"purchasable","12":"product-type-simple"},"_links":{"self":[{"href":"https:\/\/scooter-home.com\/en\/wp-json\/wp\/v2\/product\/971","targetHints":{"allow":["GET"]}}],"collection":[{"href":"https:\/\/scooter-home.com\/en\/wp-json\/wp\/v2\/product"}],"about":[{"href":"https:\/\/scooter-home.com\/en\/wp-json\/wp\/v2\/types\/product"}],"replies":[{"embeddable":true,"href":"https:\/\/scooter-home.com\/en\/wp-json\/wp\/v2\/comments?post=971"}],"wp:featuredmedia":[{"embeddable":true,"href":"https:\/\/scooter-home.com\/en\/wp-json\/wp\/v2\/media\/972"}],"wp:attachment":[{"href":"https:\/\/scooter-home.com\/en\/wp-json\/wp\/v2\/media?parent=971"}],"wp:term":[{"taxonomy":"product_brand","embeddable":true,"href":"https:\/\/scooter-home.com\/en\/wp-json\/wp\/v2\/product_brand?post=971"},{"taxonomy":"product_cat","embeddable":true,"href":"https:\/\/scooter-home.com\/en\/wp-json\/wp\/v2\/product_cat?post=971"},{"taxonomy":"product_tag","embeddable":true,"href":"https:\/\/scooter-home.com\/en\/wp-json\/wp\/v2\/product_tag?post=971"}],"curies":[{"name":"wp","href":"https:\/\/api.w.org\/{rel}","templated":true}]}}